{"id":523,"date":"2019-03-19T19:25:22","date_gmt":"2019-03-19T18:25:22","guid":{"rendered":"https:\/\/www.draxlerei.at\/startseite\/?post_type=product&#038;p=523"},"modified":"2023-10-02T09:31:55","modified_gmt":"2023-10-02T07:31:55","slug":"zirbenkissen","status":"publish","type":"product","link":"https:\/\/www.draxlerei.at\/startseite\/produkt\/zirbenkissen\/","title":{"rendered":"Zirbenkissen"},"content":{"rendered":"<p>Zirbenkissen &#8211; 40 x 40cm<br \/>\nDie erste Auflage gibt es in 3 verschiedenen Designs mit den Ma\u00dfen 40 x 40cm. Die Kissen bestehen aus der Polsterh\u00fclle mit Rei\u00dfverschluss und einem Inlett ebenfalls mit Rei\u00dfverschluss welches bereits mit frischen Zirbensp\u00e4nen gef\u00fcllt ist.<br \/>\nDurch die Ausf\u00fchrung mit praktischen Rei\u00dfverschl\u00fcssen ist die Handhabung beim Nachf\u00fcllen, Austauschen der F\u00fcllung oder Waschen der einzelnen Teile vereinfacht.<\/p>\n<p>Inlett = 100% Baumwolle,<br \/>\nMaterial des \u00dcberpolsters unterschiedlich,<br \/>\nMaterial und Pflegehinweise bitte den Bildern entnehmen.<\/p>\n<p>Selbstverst\u00e4ndlich sind auf Anfrage auch andere Designs und Gr\u00f6\u00dfen erh\u00e4ltlich. Schreibt uns dazu einfach ein Mail.<br \/>\n<strong>Lieferzeit wenn nicht vorr\u00e4tig und bei Sonderbestellungen ca. 7 bis 14 Werktage. (Abh\u00e4ngig von der Verf\u00fcgbarkeit der Materialien, kann unter Umst\u00e4nden auch l\u00e4nger dauern.) Gerne geben wir pers\u00f6nlich, per Telefon oder per Email eine entsprechende Auskunft. Bitte beachtet ebenfalls, dass die im Onlineshop angegebene Lagermenge w\u00e4hrend unserer M\u00e4rkte abweichen kann.<\/strong><\/p>\n","protected":false},"excerpt":{"rendered":"<p>Zirbenkissen 40 x 40cm<\/p>\n","protected":false},"featured_media":520,"comment_status":"closed","ping_status":"closed","template":"","meta":{"site-sidebar-layout":"default","site-content-layout":"default","ast-site-content-layout":"default","site-content-style":"default","site-sidebar-style":"default","ast-global-header-display":"","ast-banner-title-visibility":"","ast-main-header-display":"","ast-hfb-above-header-display":"","ast-hfb-below-header-display":"","ast-hfb-mobile-header-display":"","site-post-title":"","ast-breadcrumbs-content":"","ast-featured-img":"","footer-sml-layout":"","ast-disable-related-posts":"","theme-transparent-header-meta":"default","adv-header-id-meta":"","stick-header-meta":"","header-above-stick-meta":"","header-main-stick-meta":"","header-below-stick-meta":"","astra-migrate-meta-layouts":"set","ast-page-background-enabled":"default","ast-page-background-meta":{"desktop":{"background-color":"","background-image":"","background-repeat":"repeat","background-position":"center center","background-size":"auto","background-attachment":"scroll","background-type":"","background-media":"","overlay-type":"","overlay-color":"","overlay-opacity":"","overlay-gradient":""},"tablet":{"background-color":"","background-image":"","background-repeat":"repeat","background-position":"center center","background-size":"auto","background-attachment":"scroll","background-type":"","background-media":"","overlay-type":"","overlay-color":"","overlay-opacity":"","overlay-gradient":""},"mobile":{"background-color":"","background-image":"","background-repeat":"repeat","background-position":"center center","background-size":"auto","background-attachment":"scroll","background-type":"","background-media":"","overlay-type":"","overlay-color":"","overlay-opacity":"","overlay-gradient":""}},"ast-content-background-meta":{"desktop":{"background-color":"var(--ast-global-color-5)","background-image":"","background-repeat":"repeat","background-position":"center center","background-size":"auto","background-attachment":"scroll","background-type":"","background-media":"","overlay-type":"","overlay-color":"","overlay-opacity":"","overlay-gradient":""},"tablet":{"background-color":"var(--ast-global-color-5)","background-image":"","background-repeat":"repeat","background-position":"center center","background-size":"auto","background-attachment":"scroll","background-type":"","background-media":"","overlay-type":"","overlay-color":"","overlay-opacity":"","overlay-gradient":""},"mobile":{"background-color":"var(--ast-global-color-5)","background-image":"","background-repeat":"repeat","background-position":"center center","background-size":"auto","background-attachment":"scroll","background-type":"","background-media":"","overlay-type":"","overlay-color":"","overlay-opacity":"","overlay-gradient":""}}},"product_cat":[21,29,23],"product_tag":[],"class_list":{"0":"post-523","1":"product","2":"type-product","3":"status-publish","4":"has-post-thumbnail","6":"product_cat-unkategorisiert","7":"product_cat-accessoires","8":"product_cat-zirbenholzprodukte","9":"desktop-align-left","10":"tablet-align-left","11":"mobile-align-left","13":"first","14":"instock","15":"taxable","16":"shipping-taxable","17":"purchasable","18":"product-type-variable"},"_links":{"self":[{"href":"https:\/\/www.draxlerei.at\/startseite\/wp-json\/wp\/v2\/product\/523","targetHints":{"allow":["GET"]}}],"collection":[{"href":"https:\/\/www.draxlerei.at\/startseite\/wp-json\/wp\/v2\/product"}],"about":[{"href":"https:\/\/www.draxlerei.at\/startseite\/wp-json\/wp\/v2\/types\/product"}],"replies":[{"embeddable":true,"href":"https:\/\/www.draxlerei.at\/startseite\/wp-json\/wp\/v2\/comments?post=523"}],"wp:featuredmedia":[{"embeddable":true,"href":"https:\/\/www.draxlerei.at\/startseite\/wp-json\/wp\/v2\/media\/520"}],"wp:attachment":[{"href":"https:\/\/www.draxlerei.at\/startseite\/wp-json\/wp\/v2\/media?parent=523"}],"wp:term":[{"taxonomy":"product_cat","embeddable":true,"href":"https:\/\/www.draxlerei.at\/startseite\/wp-json\/wp\/v2\/product_cat?post=523"},{"taxonomy":"product_tag","embeddable":true,"href":"https:\/\/www.draxlerei.at\/startseite\/wp-json\/wp\/v2\/product_tag?post=523"}],"curies":[{"name":"wp","href":"https:\/\/api.w.org\/{rel}","templated":true}]}}