{"id":455,"date":"2018-10-27T13:46:49","date_gmt":"2018-10-27T11:46:49","guid":{"rendered":"https:\/\/www.draxlerei.at\/startseite\/?post_type=product&#038;p=455"},"modified":"2019-12-27T01:09:48","modified_gmt":"2019-12-27T00:09:48","slug":"zirbenengel-mit-ohne-gesicht","status":"publish","type":"product","link":"https:\/\/www.draxlerei.at\/startseite\/produkt\/zirbenengel-mit-ohne-gesicht\/","title":{"rendered":"Zirbenengel mit\/ohne Gesicht"},"content":{"rendered":"<p>Zirbenengerl ca. 7cm gro\u00df.<br \/>\nBreite der Fl\u00fcgel ca. 5cm, Durchmesser Kleid (unten) ca. 3,5cm<br \/>\nin verschiedenen Varianten.<\/p>\n<p>Unsere Zirbenengerl sind handgedrechselt aus \u00f6sterreichischer Zirbe (K\u00e4rntner Nockberge) und k\u00f6nnen sowohl als Christbaumschmuck als auch als Standfiguren verwendet werden.<\/p>\n<p>Sonderanfertigungen (Gr\u00f6\u00dfe, Form usw.) bitte auf Anfrage.<\/p>\n<p><strong>Lieferzeit wenn nicht vorr\u00e4tig und bei Sonderbestellungen ca. 7 bis 14 Werktage. (Abh\u00e4ngig von der Verf\u00fcgbarkeit des Holzes, kann unter Umst\u00e4nden auch l\u00e4nger dauern.) Gerne geben wir pers\u00f6nlich, per Telefon oder per Email eine entsprechende Auskunft. Bitte beachtet ebenfalls, dass die im Onlineshop angegebene Lagermenge w\u00e4hrend unserer M\u00e4rkte abweichen kann.<\/strong><\/p>\n","protected":false},"excerpt":{"rendered":"<p>Zirbenengerl mit oder ohne Gesicht ca. 7 cm Gro\u00df in verschiedenen Varianten.<\/p>\n","protected":false},"featured_media":458,"comment_status":"closed","ping_status":"closed","template":"","meta":{"site-sidebar-layout":"default","site-content-layout":"default","ast-site-content-layout":"default","site-content-style":"default","site-sidebar-style":"default","ast-global-header-display":"","ast-banner-title-visibility":"","ast-main-header-display":"","ast-hfb-above-header-display":"","ast-hfb-below-header-display":"","ast-hfb-mobile-header-display":"","site-post-title":"","ast-breadcrumbs-content":"","ast-featured-img":"","footer-sml-layout":"","ast-disable-related-posts":"","theme-transparent-header-meta":"default","adv-header-id-meta":"","stick-header-meta":"","header-above-stick-meta":"","header-main-stick-meta":"","header-below-stick-meta":"","astra-migrate-meta-layouts":"default","ast-page-background-enabled":"default","ast-page-background-meta":{"desktop":{"background-color":"","background-image":"","background-repeat":"repeat","background-position":"center center","background-size":"auto","background-attachment":"scroll","background-type":"","background-media":"","overlay-type":"","overlay-color":"","overlay-opacity":"","overlay-gradient":""},"tablet":{"background-color":"","background-image":"","background-repeat":"repeat","background-position":"center center","background-size":"auto","background-attachment":"scroll","background-type":"","background-media":"","overlay-type":"","overlay-color":"","overlay-opacity":"","overlay-gradient":""},"mobile":{"background-color":"","background-image":"","background-repeat":"repeat","background-position":"center center","background-size":"auto","background-attachment":"scroll","background-type":"","background-media":"","overlay-type":"","overlay-color":"","overlay-opacity":"","overlay-gradient":""}},"ast-content-background-meta":{"desktop":{"background-color":"var(--ast-global-color-5)","background-image":"","background-repeat":"repeat","background-position":"center center","background-size":"auto","background-attachment":"scroll","background-type":"","background-media":"","overlay-type":"","overlay-color":"","overlay-opacity":"","overlay-gradient":""},"tablet":{"background-color":"var(--ast-global-color-5)","background-image":"","background-repeat":"repeat","background-position":"center center","background-size":"auto","background-attachment":"scroll","background-type":"","background-media":"","overlay-type":"","overlay-color":"","overlay-opacity":"","overlay-gradient":""},"mobile":{"background-color":"var(--ast-global-color-5)","background-image":"","background-repeat":"repeat","background-position":"center center","background-size":"auto","background-attachment":"scroll","background-type":"","background-media":"","overlay-type":"","overlay-color":"","overlay-opacity":"","overlay-gradient":""}}},"product_cat":[29,24,23],"product_tag":[],"class_list":{"0":"post-455","1":"product","2":"type-product","3":"status-publish","4":"has-post-thumbnail","6":"product_cat-accessoires","7":"product_cat-skulpturen","8":"product_cat-zirbenholzprodukte","9":"desktop-align-left","10":"tablet-align-left","11":"mobile-align-left","13":"first","14":"onbackorder","15":"taxable","16":"shipping-taxable","17":"purchasable","18":"product-type-variable"},"_links":{"self":[{"href":"https:\/\/www.draxlerei.at\/startseite\/wp-json\/wp\/v2\/product\/455","targetHints":{"allow":["GET"]}}],"collection":[{"href":"https:\/\/www.draxlerei.at\/startseite\/wp-json\/wp\/v2\/product"}],"about":[{"href":"https:\/\/www.draxlerei.at\/startseite\/wp-json\/wp\/v2\/types\/product"}],"replies":[{"embeddable":true,"href":"https:\/\/www.draxlerei.at\/startseite\/wp-json\/wp\/v2\/comments?post=455"}],"wp:featuredmedia":[{"embeddable":true,"href":"https:\/\/www.draxlerei.at\/startseite\/wp-json\/wp\/v2\/media\/458"}],"wp:attachment":[{"href":"https:\/\/www.draxlerei.at\/startseite\/wp-json\/wp\/v2\/media?parent=455"}],"wp:term":[{"taxonomy":"product_cat","embeddable":true,"href":"https:\/\/www.draxlerei.at\/startseite\/wp-json\/wp\/v2\/product_cat?post=455"},{"taxonomy":"product_tag","embeddable":true,"href":"https:\/\/www.draxlerei.at\/startseite\/wp-json\/wp\/v2\/product_tag?post=455"}],"curies":[{"name":"wp","href":"https:\/\/api.w.org\/{rel}","templated":true}]}}