{"id":356,"date":"2018-03-04T19:51:49","date_gmt":"2018-03-04T18:51:49","guid":{"rendered":"http:\/\/www.draxlerei.at\/startseite\/?post_type=product&#038;p=356"},"modified":"2023-10-02T09:33:28","modified_gmt":"2023-10-02T07:33:28","slug":"pfeffermuehle-15cm-rund","status":"publish","type":"product","link":"https:\/\/www.draxlerei.at\/startseite\/produkt\/pfeffermuehle-15cm-rund\/","title":{"rendered":"Pfefferm\u00fchle 15cm"},"content":{"rendered":"<p>Pfefferm\u00fchlen ca. 15cm H\u00f6he<br \/>\nerh\u00e4ltlich in verschiedenen Holzarten mit gewachster Oberfl\u00e4che.<\/p>\n<p>F\u00fcr unsere Pfefferm\u00fchlen verwenden wir ausschlie\u00dflich schweizer Pr\u00e4zisionsmahlwerke aus Edelstahl.<\/p>\n<div>Das Mahlwerk besteht aus einsatzgeh\u00e4rtetem Stahl wodurch sich folgende\u00a0Vorteile ergeben:<br \/>\n1. Der Feinheitsgrad des Mahlgutes ist von unten stufenlos einstellbar und kann sich dadurch nicht von alleine verstellen.<br \/>\n2. Die gro\u00dfen Zuf\u00fchrnuten im Mahlwerkskonus sorgen daf\u00fcr, dass:<\/div>\n<ul>\n<li>der Pfeffer abgeschert wird, was einen Geschmacksvorteil bietet<\/li>\n<li>das Mahlwerk nicht verstopft<\/li>\n<li>die M\u00fchle eine h\u00f6here Leistung bei weniger Umdrehungen bringt<\/li>\n<\/ul>\n<p>Bitte beachten:<br \/>\nTrotz Edelstahl-Mahlwerk weisen wir darauf hin die Pfefferm\u00fchlen nur mit Pfeffer zu f\u00fcllen und nicht mit Salz zu verwenden. Soll wahlweise Salz oder Pfeffer in die M\u00fchle gef\u00fcllt werden bitten wir darum ausschlie\u00dflich unsere Salzm\u00fchlen zu verwenden. Bis auf die Titanbeschichtung sind die Mahlwerke identisch und somit f\u00fcr beides geeignet.<\/p>\n<p><strong>Lieferzeit wenn nicht vorr\u00e4tig und bei Sonderbestellungen ca. 7 bis 14 Werktage. (Abh\u00e4ngig von der Verf\u00fcgbarkeit der Materialien, kann unter Umst\u00e4nden auch l\u00e4nger dauern.) Gerne geben wir pers\u00f6nlich, per Telefon oder per Email eine entsprechende Auskunft. Bitte beachtet ebenfalls, dass die im Onlineshop angegebene Lagermenge w\u00e4hrend unserer M\u00e4rkte abweichen kann.<\/strong><\/p>\n","protected":false},"excerpt":{"rendered":"<p>Pfefferm\u00fchlen, 15cm H\u00f6he<\/p>\n","protected":false},"featured_media":396,"comment_status":"closed","ping_status":"closed","template":"","meta":{"site-sidebar-layout":"default","site-content-layout":"default","ast-site-content-layout":"default","site-content-style":"default","site-sidebar-style":"default","ast-global-header-display":"","ast-banner-title-visibility":"","ast-main-header-display":"","ast-hfb-above-header-display":"","ast-hfb-below-header-display":"","ast-hfb-mobile-header-display":"","site-post-title":"","ast-breadcrumbs-content":"","ast-featured-img":"","footer-sml-layout":"","ast-disable-related-posts":"","theme-transparent-header-meta":"default","adv-header-id-meta":"","stick-header-meta":"","header-above-stick-meta":"","header-main-stick-meta":"","header-below-stick-meta":"","astra-migrate-meta-layouts":"set","ast-page-background-enabled":"default","ast-page-background-meta":{"desktop":{"background-color":"","background-image":"","background-repeat":"repeat","background-position":"center center","background-size":"auto","background-attachment":"scroll","background-type":"","background-media":"","overlay-type":"","overlay-color":"","overlay-opacity":"","overlay-gradient":""},"tablet":{"background-color":"","background-image":"","background-repeat":"repeat","background-position":"center center","background-size":"auto","background-attachment":"scroll","background-type":"","background-media":"","overlay-type":"","overlay-color":"","overlay-opacity":"","overlay-gradient":""},"mobile":{"background-color":"","background-image":"","background-repeat":"repeat","background-position":"center center","background-size":"auto","background-attachment":"scroll","background-type":"","background-media":"","overlay-type":"","overlay-color":"","overlay-opacity":"","overlay-gradient":""}},"ast-content-background-meta":{"desktop":{"background-color":"var(--ast-global-color-5)","background-image":"","background-repeat":"repeat","background-position":"center center","background-size":"auto","background-attachment":"scroll","background-type":"","background-media":"","overlay-type":"","overlay-color":"","overlay-opacity":"","overlay-gradient":""},"tablet":{"background-color":"var(--ast-global-color-5)","background-image":"","background-repeat":"repeat","background-position":"center center","background-size":"auto","background-attachment":"scroll","background-type":"","background-media":"","overlay-type":"","overlay-color":"","overlay-opacity":"","overlay-gradient":""},"mobile":{"background-color":"var(--ast-global-color-5)","background-image":"","background-repeat":"repeat","background-position":"center center","background-size":"auto","background-attachment":"scroll","background-type":"","background-media":"","overlay-type":"","overlay-color":"","overlay-opacity":"","overlay-gradient":""}}},"product_cat":[29,30],"product_tag":[],"class_list":{"0":"post-356","1":"product","2":"type-product","3":"status-publish","4":"has-post-thumbnail","6":"product_cat-accessoires","7":"product_cat-muehlen","8":"desktop-align-left","9":"tablet-align-left","10":"mobile-align-left","12":"first","13":"onbackorder","14":"taxable","15":"shipping-taxable","16":"purchasable","17":"product-type-variable"},"_links":{"self":[{"href":"https:\/\/www.draxlerei.at\/startseite\/wp-json\/wp\/v2\/product\/356","targetHints":{"allow":["GET"]}}],"collection":[{"href":"https:\/\/www.draxlerei.at\/startseite\/wp-json\/wp\/v2\/product"}],"about":[{"href":"https:\/\/www.draxlerei.at\/startseite\/wp-json\/wp\/v2\/types\/product"}],"replies":[{"embeddable":true,"href":"https:\/\/www.draxlerei.at\/startseite\/wp-json\/wp\/v2\/comments?post=356"}],"wp:featuredmedia":[{"embeddable":true,"href":"https:\/\/www.draxlerei.at\/startseite\/wp-json\/wp\/v2\/media\/396"}],"wp:attachment":[{"href":"https:\/\/www.draxlerei.at\/startseite\/wp-json\/wp\/v2\/media?parent=356"}],"wp:term":[{"taxonomy":"product_cat","embeddable":true,"href":"https:\/\/www.draxlerei.at\/startseite\/wp-json\/wp\/v2\/product_cat?post=356"},{"taxonomy":"product_tag","embeddable":true,"href":"https:\/\/www.draxlerei.at\/startseite\/wp-json\/wp\/v2\/product_tag?post=356"}],"curies":[{"name":"wp","href":"https:\/\/api.w.org\/{rel}","templated":true}]}}